{"id":104,"date":"2023-08-08T08:54:50","date_gmt":"2023-08-08T08:54:50","guid":{"rendered":"http:\/\/www.stealthtelecom.net\/stealth_v2\/?page_id=104"},"modified":"2023-08-08T14:22:54","modified_gmt":"2023-08-08T14:22:54","slug":"herramientas","status":"publish","type":"page","link":"http:\/\/www.stealthtelecom.net\/stealth_v2\/herramientas\/","title":{"rendered":"Herramientas"},"content":{"rendered":"<ul>\n<li>\n<h2><a href=\"http:\/\/cacti.b2ec.net\/cacti\/index.php\" target=\"_blank\" rel=\"noopener noreferrer\"><span style=\"color: #993300;\">Consumo de Ancho de Banda<\/span><\/a><\/h2>\n<\/li>\n<li>\n<h2><a href=\"http:\/\/www.speedtest.net\/es\/\" target=\"_blank\" rel=\"noopener noreferrer\"><span style=\"color: #993300;\">Medidor de Velocidad<\/span><\/a><\/h2>\n<\/li>\n<li>\n<h2><a href=\"http:\/\/www.stealthtelecom.net\/stealth_v2\/capacidadinter.html\" target=\"_blank\" rel=\"noopener noreferrer\"><span style=\"color: #993300;\">Capacidad Internacional<\/span><\/a><\/h2>\n<\/li>\n<li>\n<h2><span style=\"color: #993300;\">Configuraci\u00f3n del Correo Electr\u00f3nico en la Nube<\/span><\/h2>\n<ul>\n<li><a href=\"http:\/\/stealthtelecom.net\/stealth_v2\/acceso_webmail_cloud.pdf\" target=\"_blank\" rel=\"noopener noreferrer\">Manual Acceso WEBMAIL<\/a><\/li>\n<li><a href=\"http:\/\/stealthtelecom.net\/stealth_v2\/configuracion_correo_cloud.pdf\" target=\"_blank\" rel=\"noopener noreferrer\">Manual de configuraci\u00f3n<\/a><\/li>\n<\/ul>\n<\/li>\n<li>\n<h2><span style=\"color: #993300;\"><a style=\"color: #993300;\" href=\"https:\/\/mail.b2ec.net\/postmaster\/\" target=\"_blank\" rel=\"noopener noreferrer\">Configuraci\u00f3n de Correo electr\u00f3nico b2ec.net<\/a><\/span><\/h2>\n<\/li>\n<\/ul>\n","protected":false},"excerpt":{"rendered":"<p>Consumo de Ancho de Banda Medidor de Velocidad Capacidad Internacional Configuraci\u00f3n del Correo Electr\u00f3nico en la Nube Manual Acceso WEBMAIL Manual de configuraci\u00f3n Configuraci\u00f3n de Correo electr\u00f3nico b2ec.net<\/p>\n","protected":false},"author":1,"featured_media":0,"parent":0,"menu_order":0,"comment_status":"closed","ping_status":"closed","template":"","meta":[],"_links":{"self":[{"href":"http:\/\/www.stealthtelecom.net\/stealth_v2\/wp-json\/wp\/v2\/pages\/104"}],"collection":[{"href":"http:\/\/www.stealthtelecom.net\/stealth_v2\/wp-json\/wp\/v2\/pages"}],"about":[{"href":"http:\/\/www.stealthtelecom.net\/stealth_v2\/wp-json\/wp\/v2\/types\/page"}],"author":[{"embeddable":true,"href":"http:\/\/www.stealthtelecom.net\/stealth_v2\/wp-json\/wp\/v2\/users\/1"}],"replies":[{"embeddable":true,"href":"http:\/\/www.stealthtelecom.net\/stealth_v2\/wp-json\/wp\/v2\/comments?post=104"}],"version-history":[{"count":5,"href":"http:\/\/www.stealthtelecom.net\/stealth_v2\/wp-json\/wp\/v2\/pages\/104\/revisions"}],"predecessor-version":[{"id":207,"href":"http:\/\/www.stealthtelecom.net\/stealth_v2\/wp-json\/wp\/v2\/pages\/104\/revisions\/207"}],"wp:attachment":[{"href":"http:\/\/www.stealthtelecom.net\/stealth_v2\/wp-json\/wp\/v2\/media?parent=104"}],"curies":[{"name":"wp","href":"https:\/\/api.w.org\/{rel}","templated":true}]}}