{"id":148,"date":"2016-05-30T17:20:50","date_gmt":"2016-05-30T17:20:50","guid":{"rendered":"http:\/\/www.stealthtelecom.net\/stealth_v2\/?page_id=148"},"modified":"2019-07-25T22:31:39","modified_gmt":"2019-07-25T22:31:39","slug":"webmail-en-la-nube","status":"publish","type":"page","link":"http:\/\/www.stealthtelecom.net\/stealth_v2\/webmail-en-la-nube\/","title":{"rendered":"Webmail en la Nube"},"content":{"rendered":"<p>Stealth Telecom ofrece a sus clientes alojamiento para las cuentas de correo, protegidas con sistemas anti SPAM y antivirus en los servidores en la nube.<\/p>\n<p>Para consultar los manuales de configuraci\u00f3n clic <a href=\"http:\/\/www.stealthtelecom.net\/stealth_v2\/herramientas\/\" target=\"_blank\" rel=\"noopener noreferrer\">aqu\u00ed.<\/a><\/p>\n<p>Para revisar su correo Ingrese aqu\u00ed: <a href=\"https:\/\/webmail.emailsrvr.com\" target=\"_blank\" rel=\"noopener noreferrer\">https:\/\/webmail.emailsrvr.com<\/a><\/p>\n","protected":false},"excerpt":{"rendered":"<p>Stealth Telecom ofrece a sus clientes alojamiento para las cuentas de correo, protegidas con sistemas anti SPAM y antivirus en los servidores en la nube. Para consultar los manuales de configuraci\u00f3n clic aqu\u00ed. Para revisar su correo Ingrese aqu\u00ed: https:\/\/webmail.emailsrvr.com<\/p>\n","protected":false},"author":1,"featured_media":0,"parent":0,"menu_order":0,"comment_status":"closed","ping_status":"closed","template":"","meta":[],"_links":{"self":[{"href":"http:\/\/www.stealthtelecom.net\/stealth_v2\/wp-json\/wp\/v2\/pages\/148"}],"collection":[{"href":"http:\/\/www.stealthtelecom.net\/stealth_v2\/wp-json\/wp\/v2\/pages"}],"about":[{"href":"http:\/\/www.stealthtelecom.net\/stealth_v2\/wp-json\/wp\/v2\/types\/page"}],"author":[{"embeddable":true,"href":"http:\/\/www.stealthtelecom.net\/stealth_v2\/wp-json\/wp\/v2\/users\/1"}],"replies":[{"embeddable":true,"href":"http:\/\/www.stealthtelecom.net\/stealth_v2\/wp-json\/wp\/v2\/comments?post=148"}],"version-history":[{"count":3,"href":"http:\/\/www.stealthtelecom.net\/stealth_v2\/wp-json\/wp\/v2\/pages\/148\/revisions"}],"predecessor-version":[{"id":178,"href":"http:\/\/www.stealthtelecom.net\/stealth_v2\/wp-json\/wp\/v2\/pages\/148\/revisions\/178"}],"wp:attachment":[{"href":"http:\/\/www.stealthtelecom.net\/stealth_v2\/wp-json\/wp\/v2\/media?parent=148"}],"curies":[{"name":"wp","href":"https:\/\/api.w.org\/{rel}","templated":true}]}}