{"id":30,"date":"2016-04-19T19:33:19","date_gmt":"2016-04-19T19:33:19","guid":{"rendered":"http:\/\/www.stealthtelecom.net\/stealth_v2\/?page_id=30"},"modified":"2019-07-25T22:07:57","modified_gmt":"2019-07-25T22:07:57","slug":"registro-de-dominios","status":"publish","type":"page","link":"http:\/\/www.stealthtelecom.net\/stealth_v2\/registro-de-dominios\/","title":{"rendered":"Registro de dominios"},"content":{"rendered":"<h2 style=\"text-align: justify;\">\u00bfPara qu\u00e9 son los dominios ?<\/h2>\n<h4 style=\"text-align: justify;\">Un nombre de dominio permite una identificaci\u00f3n personalizada a cualquier negocio o actividad en la Red Mundial, se lo utiliza tanto en las p\u00e1ginas WEB como en los correos.<\/h4>\n<p>EJEMPLO :<\/p>\n<p>www. tunombrededominio . com<br \/>\n(nombre de tu negocio)<\/p>\n<h4><a href=\"http:\/\/www.stealthtelecom.net\/stealth_v2\/#contact\">Cont\u00e1ctate<\/a> con nosotros y uno de nuestros asesores se comunicar\u00e1 contigo.<\/h4>\n","protected":false},"excerpt":{"rendered":"<p>\u00bfPara qu\u00e9 son los dominios ? Un nombre de dominio permite una identificaci\u00f3n personalizada a cualquier negocio o actividad en la Red Mundial, se lo utiliza tanto en las p\u00e1ginas WEB como en los correos. EJEMPLO : www. tunombrededominio . com (nombre de tu negocio) Cont\u00e1ctate con nosotros y uno de nuestros asesores se comunicar\u00e1<a href=\"http:\/\/www.stealthtelecom.net\/stealth_v2\/registro-de-dominios\/\">[&#8230;]<\/a><\/p>\n","protected":false},"author":1,"featured_media":0,"parent":0,"menu_order":0,"comment_status":"closed","ping_status":"closed","template":"template-fullwidth.php","meta":[],"_links":{"self":[{"href":"http:\/\/www.stealthtelecom.net\/stealth_v2\/wp-json\/wp\/v2\/pages\/30"}],"collection":[{"href":"http:\/\/www.stealthtelecom.net\/stealth_v2\/wp-json\/wp\/v2\/pages"}],"about":[{"href":"http:\/\/www.stealthtelecom.net\/stealth_v2\/wp-json\/wp\/v2\/types\/page"}],"author":[{"embeddable":true,"href":"http:\/\/www.stealthtelecom.net\/stealth_v2\/wp-json\/wp\/v2\/users\/1"}],"replies":[{"embeddable":true,"href":"http:\/\/www.stealthtelecom.net\/stealth_v2\/wp-json\/wp\/v2\/comments?post=30"}],"version-history":[{"count":5,"href":"http:\/\/www.stealthtelecom.net\/stealth_v2\/wp-json\/wp\/v2\/pages\/30\/revisions"}],"predecessor-version":[{"id":176,"href":"http:\/\/www.stealthtelecom.net\/stealth_v2\/wp-json\/wp\/v2\/pages\/30\/revisions\/176"}],"wp:attachment":[{"href":"http:\/\/www.stealthtelecom.net\/stealth_v2\/wp-json\/wp\/v2\/media?parent=30"}],"curies":[{"name":"wp","href":"https:\/\/api.w.org\/{rel}","templated":true}]}}